{"id":18611,"date":"2019-05-24T10:40:12","date_gmt":"2019-05-24T10:40:12","guid":{"rendered":"http:\/\/leskoranen.no\/?page_id=18611"},"modified":"2025-09-30T15:31:05","modified_gmt":"2025-09-30T13:31:05","slug":"kontakt","status":"publish","type":"page","link":"https:\/\/leskoranen.no\/koran\/kontakt\/","title":{"rendered":"Kontakt"},"content":{"rendered":"<p>[vc_row full_width=&#8221;stretch_row&#8221; bg_type=&#8221;image&#8221; parallax_style=&#8221;vcpb-default&#8221; bg_image_new=&#8221;id^17265|url^http:\/\/leskoranen.no\/wp-content\/uploads\/2018\/08\/curve-img-right.png|caption^<br \/>\n|alt^null|title^curve-img-right|description^&#8221;][vc_column css=&#8221;.vc_custom_1534311134761{padding-top: 0px !important;}&#8221;][vc_row_inner el_class=&#8221;mt-15&#8243;][vc_column_inner width=&#8221;8\/12&#8243;]<div class=\"tm-sc tm-sc-section-title section-title section-title-style1 text-left   mb-0 \">\r\n\t<div class=\"title-wrapper\">\r\n\t\t\t\t\t\t<h2 class=\"title \" style=\"font-size: 30px; line-height: 1.3\">\n\n\t\t\n\t\t\t\t<span class=\"text-theme-colored2\">Kontakt<\/span>\n\t\t\n\t\t\t\t<span class=\"text-theme-colored1\">Oss<\/span>\n\t\t\n\t\t\n\t<\/h2>\n\t<div class=\"title-seperator-line\"><\/div>\t\t\t\r\n\t\t\t\t<\/div>\r\n<\/div>[vc_column_text css=&#8221;.vc_custom_1568978883484{margin-bottom: 10px !important;}&#8221;]Du kan enkelt kontakte oss ved \u00e5 fylle ut skjema under.[\/vc_column_text]\n<div class=\"wpcf7 no-js\" id=\"wpcf7-f694-o1\" lang=\"en-US\" dir=\"ltr\" data-wpcf7-id=\"694\">\n<div class=\"screen-reader-response\"><p role=\"status\" aria-live=\"polite\" aria-atomic=\"true\"><\/p> <ul><\/ul><\/div>\n<form action=\"\/koran\/wp-json\/wp\/v2\/pages\/18611#wpcf7-f694-o1\" method=\"post\" class=\"wpcf7-form init\" aria-label=\"Contact form\" novalidate=\"novalidate\" data-status=\"init\">\n<fieldset class=\"hidden-fields-container\"><input type=\"hidden\" name=\"_wpcf7\" value=\"694\" \/><input type=\"hidden\" name=\"_wpcf7_version\" value=\"6.1.5\" \/><input type=\"hidden\" name=\"_wpcf7_locale\" value=\"en_US\" \/><input type=\"hidden\" name=\"_wpcf7_unit_tag\" value=\"wpcf7-f694-o1\" \/><input type=\"hidden\" name=\"_wpcf7_container_post\" value=\"0\" \/><input type=\"hidden\" name=\"_wpcf7_posted_data_hash\" value=\"\" \/>\n<\/fieldset>\n<div class=\"tm-contact-form-style1\">\n\t<div class=\"row\">\n\t\t<div class=\"col-md-6\">\n\t\t\t<div class=\"mb-20\">\n\t\t\t\t<p><span class=\"wpcf7-form-control-wrap\" data-name=\"your-name\"><input size=\"40\" maxlength=\"400\" class=\"wpcf7-form-control wpcf7-text wpcf7-validates-as-required\" aria-required=\"true\" aria-invalid=\"false\" placeholder=\"Navn*\" value=\"\" type=\"text\" name=\"your-name\" \/><\/span>\n\t\t\t\t<\/p>\n\t\t\t<\/div>\n\t\t<\/div>\n\t\t<div class=\"col-md-6\">\n\t\t\t<div class=\"mb-20\">\n\t\t\t\t<p><span class=\"wpcf7-form-control-wrap\" data-name=\"your-email\"><input size=\"40\" maxlength=\"400\" class=\"wpcf7-form-control wpcf7-email wpcf7-validates-as-required wpcf7-text wpcf7-validates-as-email\" aria-required=\"true\" aria-invalid=\"false\" placeholder=\"E-post*\" value=\"\" type=\"email\" name=\"your-email\" \/><\/span>\n\t\t\t\t<\/p>\n\t\t\t<\/div>\n\t\t<\/div>\n\t\t<div class=\"col-md-6\">\n\t\t\t<div class=\"mb-20\">\n\t\t\t\t<p><span class=\"wpcf7-form-control-wrap\" data-name=\"your-phone\"><input size=\"40\" maxlength=\"400\" class=\"wpcf7-form-control wpcf7-text wpcf7-validates-as-required\" aria-required=\"true\" aria-invalid=\"false\" placeholder=\"Telefon*\" value=\"\" type=\"text\" name=\"your-phone\" \/><\/span>\n\t\t\t\t<\/p>\n\t\t\t<\/div>\n\t\t<\/div>\n\t\t<div class=\"col-md-6\">\n\t\t\t<div class=\"mb-20\">\n\t\t\t\t<p><span class=\"wpcf7-form-control-wrap\" data-name=\"your-subject\"><input size=\"40\" maxlength=\"400\" class=\"wpcf7-form-control wpcf7-text\" aria-invalid=\"false\" placeholder=\"Emne\" value=\"\" type=\"text\" name=\"your-subject\" \/><\/span>\n\t\t\t\t<\/p>\n\t\t\t<\/div>\n\t\t<\/div>\n\t\t<div class=\"col-md-12\">\n\t\t\t<div class=\"mb-20\">\n\t\t\t\t<p><span class=\"wpcf7-form-control-wrap\" data-name=\"textarea\"><textarea cols=\"40\" rows=\"4\" maxlength=\"2000\" class=\"wpcf7-form-control wpcf7-textarea wpcf7-validates-as-required\" aria-required=\"true\" aria-invalid=\"false\" placeholder=\"Henvendelse*\" name=\"textarea\"><\/textarea><\/span>\n\t\t\t\t<\/p>\n\t\t\t<\/div>\n\t\t<\/div>\n\t\t<div class=\"col-md-12\">\n\t\t\t<p><input class=\"wpcf7-form-control wpcf7-submit has-spinner form-submit-btn btn btn-theme-colored1\" type=\"submit\" value=\"Send\" \/>\n\t\t\t<\/p>\n\t\t<\/div>\n\t<\/div>\n<\/div><div class=\"wpcf7-response-output\" aria-hidden=\"true\"><\/div>\n<\/form>\n<\/div>\n[vc_empty_space height=&#8221;64px&#8221;]<div class=\"tm-sc tm-sc-section-title section-title section-title-style1 text-left   mb-0 \">\r\n\t<div class=\"title-wrapper\">\r\n\t\t\t\t\t\t<h2 class=\"title \" style=\"font-size: 30px; line-height: 1.3\">\n\n\t\t\n\t\t\t\t<span class=\"text-theme-colored2\">E-post<\/span>\n\t\t\n\t\t\n\t\t\n\t<\/h2>\n\t<div class=\"title-seperator-line\"><\/div>\t\t\t\r\n\t\t\t\t<\/div>\r\n<\/div>[vc_column_text css=&#8221;.vc_custom_1568978995041{margin-bottom: 10px !important;}&#8221;]<a href=\"mailto:post@leskoranen.no\">post@leskoranen.no<\/a>[\/vc_column_text][\/vc_column_inner][vc_column_inner el_class=&#8221;bg-theme-colored1 text-white&#8221; width=&#8221;4\/12&#8243; css=&#8221;.vc_custom_1560508331096{padding-top: 30px !important;padding-right: 60px !important;padding-bottom: 10px !important;padding-left: 60px !important;}&#8221;][vc_custom_heading text=&#8221;Bes\u00f8ksadresse:&#8221; font_container=&#8221;tag:h6|text_align:left&#8221; use_theme_fonts=&#8221;yes&#8221; el_class=&#8221;text-white&#8221;][vc_column_text]T\u00f8yenbekken 24, 0188 Oslo[\/vc_column_text][vc_custom_heading text=&#8221;Postadresse:&#8221; font_container=&#8221;tag:h6|text_align:left&#8221; use_theme_fonts=&#8221;yes&#8221; el_class=&#8221;text-white&#8221;][vc_column_text]Postboks 9361 Gr\u00f8nland, 0135 Oslo[\/vc_column_text][vc_custom_heading text=&#8221;\u00c5pningstider:&#8221; font_container=&#8221;tag:h6|text_align:left&#8221; use_theme_fonts=&#8221;yes&#8221; el_class=&#8221;text-white&#8221;][vc_column_text]<span style=\"text-decoration: underline;\">Alle dager:<\/span><br \/>\nVinteren fra kl.12:00 &#8211; Isha.<br \/>\nSommeren fra kl.13.00 &#8211; Isha<br \/>\n<strong>Mosk\u00e9en er \u00e5pen ved alle b\u00f8nnetider.<\/strong>[\/vc_column_text][vc_custom_heading text=&#8221;Org. nr:&#8221; font_container=&#8221;tag:h6|text_align:left&#8221; use_theme_fonts=&#8221;yes&#8221; el_class=&#8221;text-white&#8221;][vc_column_text]956 708 923[\/vc_column_text][vc_custom_heading text=&#8221;Kontonummer:&#8221; font_container=&#8221;tag:h6|text_align:left&#8221; use_theme_fonts=&#8221;yes&#8221; el_class=&#8221;text-white&#8221;][vc_column_text]6079.46.02592[\/vc_column_text][vc_custom_heading text=&#8221;Vipps nr.&#8221; font_container=&#8221;tag:h6|text_align:left&#8221; use_theme_fonts=&#8221;yes&#8221; el_class=&#8221;text-white&#8221;][vc_column_text]12303[\/vc_column_text][\/vc_column_inner][\/vc_row_inner][\/vc_column][\/vc_row][vc_row bg_type=&#8221;bg_color&#8221; css=&#8221;.vc_custom_1568978822540{margin-top: -100px !important;margin-bottom: -100px !important;}&#8221;][vc_column]<div class=\"tm-sc tm-sc-section-title section-title section-title-style1 text-left   mb-0 \">\r\n\t<div class=\"title-wrapper\">\r\n\t\t\t\t\t\t<h2 class=\"title \" style=\"font-size: 30px; line-height: 1.3\">\n\n\t\t\n\t\t\t\t<span class=\"text-theme-colored2\">Bes\u00f8k<\/span>\n\t\t\n\t\t\t\t<span class=\"text-theme-colored1\">Oss<\/span>\n\t\t\n\t\t\n\t<\/h2>\n\t<div class=\"title-seperator-line\"><\/div>\t\t\t\r\n\t\t\t\t<\/div>\r\n<\/div>[vc_gmaps link=&#8221;#E-8_JTNDaWZyYW1lJTIwc3JjJTNEJTIyaHR0cHMlM0ElMkYlMkZ3d3cuZ29vZ2xlLmNvbSUyRm1hcHMlMkZlbWJlZCUzRnBiJTNEJTIxMW0xOCUyMTFtMTIlMjExbTMlMjExZDIwMDAuMjIzMzIxNjU0OTIwNSUyMTJkMTAuNzYwMTk0MjE2MDk1OTEzJTIxM2Q1OS45MTE4NDA5ODE4NjY0NCUyMTJtMyUyMTFmMCUyMTJmMCUyMTNmMCUyMTNtMiUyMTFpMTAyNCUyMTJpNzY4JTIxNGYxMy4xJTIxM20zJTIxMW0yJTIxMXMweDQ2NDE2ZTVmZWM4ZGE5Y2IlMjUzQTB4MzdhNTM0ZjAxMTIyNmIwZiUyMTJzSXNsYW1pYyUyNTIwQ3VsdHVyYWwlMjUyMENlbnRyZSUyNTIwTm9yd2F5JTIxNWUwJTIxM20yJTIxMXNubyUyMTJzbm8lMjE0djE1Njg5NzY5Nzc5MDUlMjE1bTIlMjExc25vJTIxMnNubyUyMiUyMHdpZHRoJTNEJTIyMTkyMCUyMiUyMGhlaWdodCUzRCUyMjQwMCUyMiUyMGZyYW1lYm9yZGVyJTNEJTIyMCUyMiUyMHN0eWxlJTNEJTIyYm9yZGVyJTNBMCUzQiUyMiUyMGFsbG93ZnVsbHNjcmVlbiUzRCUyMiUyMiUzRSUzQyUyRmlmcmFtZSUzRQ==&#8221;][\/vc_column][\/vc_row][vc_row full_width=&#8221;stretch_row&#8221; disable_element=&#8221;yes&#8221; bg_type=&#8221;image&#8221; parallax_style=&#8221;vcpb-default&#8221; bg_image_new=&#8221;id^17265|url^http:\/\/leskoranen.no\/wp-content\/uploads\/2018\/08\/curve-img-right.png|caption^<br \/>\n|alt^null|title^curve-img-right|description^&#8221;][vc_column css=&#8221;.vc_custom_1534311134761{padding-top: 0px !important;}&#8221;][vc_row_inner][vc_column_inner el_class=&#8221;mb-30&#8243; width=&#8221;1\/2&#8243; offset=&#8221;vc_col-md-6&#8243; css=&#8221;.vc_custom_1536849316538{padding-top: 0px !important;}&#8221;][vc_custom_heading text=&#8221;Leskoranen&#8221; font_container=&#8221;tag:h6|text_align:left|color:%23666666&#8243; use_theme_fonts=&#8221;yes&#8221; css=&#8221;.vc_custom_1558607060129{margin-top: 0px !important;margin-bottom: 8px !important;}&#8221; el_class=&#8221;text-uppercase text-theme-colored1&#8243;]<div class=\"tm-sc tm-sc-section-title section-title section-title-style1 text-left   mb-0 \">\r\n\t<div class=\"title-wrapper\">\r\n\t\t\t\t\t\t<h2 class=\"title \" style=\"font-size: 30px; line-height: 1.3\">\n\n\t\t\n\t\t\t\t<span class=\"text-theme-colored2\">Kontakt<\/span>\n\t\t\n\t\t\t\t<span class=\"text-theme-colored1\">Oss<\/span>\n\t\t\n\t\t\n\t<\/h2>\n\t<div class=\"title-seperator-line\"><\/div>\t\t\t\r\n\t\t\t\t<\/div>\r\n<\/div>[vc_column_text css=&#8221;.vc_custom_1558696714053{margin-bottom: 15px !important;}&#8221;]<\/p>\n<h3>Islamic Cultural Centre Norway<\/h3>\n<p>Bes\u00f8ksadresse: T\u00f8yenbekken 24, 0188 Oslo<br \/>\nPostadresse: Postboks 9361 Gr\u00f8nland, 0135 Oslo<\/p>\n<p><strong>\u00c5pningstider:<\/strong><br \/>\nAlle dager fra 13:00 til Isha.<br \/>\nMosk\u00e9en er \u00e5pen ved alle b\u00f8nnetider.<\/p>\n<p>Org nr: 956 708 923<br \/>\nKontonummer: 6079.46.02592[\/vc_column_text][\/vc_column_inner][vc_column_inner width=&#8221;1\/2&#8243;][\/vc_column_inner][\/vc_row_inner][\/vc_column][\/vc_row]<\/p>\n","protected":false},"excerpt":{"rendered":"<p>[vc_row full_width=&#8221;stretch_row&#8221; bg_type=&#8221;image&#8221; parallax_style=&#8221;vcpb-default&#8221; bg_image_new=&#8221;id^17265|url^http:\/\/leskoranen.no\/wp-content\/uploads\/2018\/08\/curve-img-right.png|caption^ |alt^null|title^curve-img-right|description^&#8221;][vc_column css=&#8221;.vc_custom_1534311134761{padding-top: 0px !important;}&#8221;][vc_row_inner el_class=&#8221;mt-15&#8243;][vc_column_inner width=&#8221;8\/12&#8243;][vc_column_text css=&#8221;.vc_custom_1568978883484{margin-bottom: 10px !important;}&#8221;]Du kan enkelt kontakte oss ved \u00e5&#8230;<\/p>\n","protected":false},"author":2,"featured_media":0,"parent":0,"menu_order":0,"comment_status":"closed","ping_status":"closed","template":"","meta":{"footnotes":""},"class_list":["post-18611","page","type-page","status-publish","hentry"],"_links":{"self":[{"href":"https:\/\/leskoranen.no\/koran\/wp-json\/wp\/v2\/pages\/18611","targetHints":{"allow":["GET"]}}],"collection":[{"href":"https:\/\/leskoranen.no\/koran\/wp-json\/wp\/v2\/pages"}],"about":[{"href":"https:\/\/leskoranen.no\/koran\/wp-json\/wp\/v2\/types\/page"}],"author":[{"embeddable":true,"href":"https:\/\/leskoranen.no\/koran\/wp-json\/wp\/v2\/users\/2"}],"replies":[{"embeddable":true,"href":"https:\/\/leskoranen.no\/koran\/wp-json\/wp\/v2\/comments?post=18611"}],"version-history":[{"count":9,"href":"https:\/\/leskoranen.no\/koran\/wp-json\/wp\/v2\/pages\/18611\/revisions"}],"predecessor-version":[{"id":18707,"href":"https:\/\/leskoranen.no\/koran\/wp-json\/wp\/v2\/pages\/18611\/revisions\/18707"}],"wp:attachment":[{"href":"https:\/\/leskoranen.no\/koran\/wp-json\/wp\/v2\/media?parent=18611"}],"curies":[{"name":"wp","href":"https:\/\/api.w.org\/{rel}","templated":true}]}}